{"id":37729,"date":"2021-03-26T15:18:02","date_gmt":"2021-03-26T14:18:02","guid":{"rendered":"https:\/\/www.ruhrgetriebe.de\/?post_type=product&#038;p=37729"},"modified":"2024-10-09T10:32:25","modified_gmt":"2024-10-09T08:32:25","slug":"sn18hgp-i7-90w","status":"publish","type":"product","link":"https:\/\/www.ruhrgetriebe.de\/shop\/produkt\/sn18hgp-i7-90w\/","title":{"rendered":"SN18HGP-i7-90W"},"content":{"rendered":"","protected":false},"excerpt":{"rendered":"<p>Kompakter einstufiger Getriebemotor mit Hohlwelle: Das SN18 bietet eine optimale L\u00f6sung f\u00fcr Anwendungen mit begrenztem Bauraum und wird besonders in der T\u00fcrautomation h\u00e4ufig verwendet.<\/p>\n","protected":false},"featured_media":37536,"template":"","meta":{"_acf_changed":false},"product_brand":[],"product_cat":[294],"product_tag":[],"class_list":{"0":"post-37729","1":"product","2":"type-product","3":"status-publish","4":"has-post-thumbnail","6":"product_cat-getriebemotoren","8":"first","9":"instock","10":"shipping-taxable","11":"product-type-simple"},"acf":[],"_links":{"self":[{"href":"https:\/\/www.ruhrgetriebe.de\/shop\/wp-json\/wp\/v2\/product\/37729","targetHints":{"allow":["GET"]}}],"collection":[{"href":"https:\/\/www.ruhrgetriebe.de\/shop\/wp-json\/wp\/v2\/product"}],"about":[{"href":"https:\/\/www.ruhrgetriebe.de\/shop\/wp-json\/wp\/v2\/types\/product"}],"wp:featuredmedia":[{"embeddable":true,"href":"https:\/\/www.ruhrgetriebe.de\/shop\/wp-json\/wp\/v2\/media\/37536"}],"wp:attachment":[{"href":"https:\/\/www.ruhrgetriebe.de\/shop\/wp-json\/wp\/v2\/media?parent=37729"}],"wp:term":[{"taxonomy":"product_brand","embeddable":true,"href":"https:\/\/www.ruhrgetriebe.de\/shop\/wp-json\/wp\/v2\/product_brand?post=37729"},{"taxonomy":"product_cat","embeddable":true,"href":"https:\/\/www.ruhrgetriebe.de\/shop\/wp-json\/wp\/v2\/product_cat?post=37729"},{"taxonomy":"product_tag","embeddable":true,"href":"https:\/\/www.ruhrgetriebe.de\/shop\/wp-json\/wp\/v2\/product_tag?post=37729"}],"curies":[{"name":"wp","href":"https:\/\/api.w.org\/{rel}","templated":true}]}}