{"id":37680,"date":"2021-03-26T12:16:15","date_gmt":"2021-03-26T11:16:15","guid":{"rendered":"https:\/\/www.ruhrgetriebe.de\/?post_type=product&#038;p=37680"},"modified":"2024-10-09T10:44:04","modified_gmt":"2024-10-09T08:44:04","slug":"sn18gp-i7-57w","status":"publish","type":"product","link":"https:\/\/www.ruhrgetriebe.de\/shop\/produkt\/sn18gp-i7-57w\/","title":{"rendered":"SN18GP-i7-57W"},"content":{"rendered":"","protected":false},"excerpt":{"rendered":"<p>Kompakter einstufiger Getriebemotor mit Vollwelle: Das SN18 bietet eine optimale L\u00f6sung f\u00fcr Anwendungen mit eingeschr\u00e4nktem Bauraum und wird besonders h\u00e4ufig in der T\u00fcrautomation eingesetzt.<\/p>\n","protected":false},"featured_media":37534,"template":"","meta":{"_acf_changed":false},"product_brand":[],"product_cat":[294],"product_tag":[],"class_list":{"0":"post-37680","1":"product","2":"type-product","3":"status-publish","4":"has-post-thumbnail","6":"product_cat-getriebemotoren","8":"first","9":"instock","10":"shipping-taxable","11":"product-type-simple"},"acf":[],"_links":{"self":[{"href":"https:\/\/www.ruhrgetriebe.de\/shop\/wp-json\/wp\/v2\/product\/37680","targetHints":{"allow":["GET"]}}],"collection":[{"href":"https:\/\/www.ruhrgetriebe.de\/shop\/wp-json\/wp\/v2\/product"}],"about":[{"href":"https:\/\/www.ruhrgetriebe.de\/shop\/wp-json\/wp\/v2\/types\/product"}],"wp:featuredmedia":[{"embeddable":true,"href":"https:\/\/www.ruhrgetriebe.de\/shop\/wp-json\/wp\/v2\/media\/37534"}],"wp:attachment":[{"href":"https:\/\/www.ruhrgetriebe.de\/shop\/wp-json\/wp\/v2\/media?parent=37680"}],"wp:term":[{"taxonomy":"product_brand","embeddable":true,"href":"https:\/\/www.ruhrgetriebe.de\/shop\/wp-json\/wp\/v2\/product_brand?post=37680"},{"taxonomy":"product_cat","embeddable":true,"href":"https:\/\/www.ruhrgetriebe.de\/shop\/wp-json\/wp\/v2\/product_cat?post=37680"},{"taxonomy":"product_tag","embeddable":true,"href":"https:\/\/www.ruhrgetriebe.de\/shop\/wp-json\/wp\/v2\/product_tag?post=37680"}],"curies":[{"name":"wp","href":"https:\/\/api.w.org\/{rel}","templated":true}]}}