{"id":37671,"date":"2021-03-26T11:32:56","date_gmt":"2021-03-26T10:32:56","guid":{"rendered":"https:\/\/www.ruhrgetriebe.de\/?post_type=product&#038;p=37671"},"modified":"2024-10-09T13:12:04","modified_gmt":"2024-10-09T11:12:04","slug":"sn18h-i30-90w","status":"publish","type":"product","link":"https:\/\/www.ruhrgetriebe.de\/shop\/produkt\/sn18h-i30-90w\/","title":{"rendered":"SN18H-i30-90W"},"content":{"rendered":"","protected":false},"excerpt":{"rendered":"<div class=\"flex-shrink-0 flex flex-col relative items-end\">\n<div>\n<div class=\"pt-0\">\n<div class=\"gizmo-bot-avatar flex h-8 w-8 items-center justify-center overflow-hidden rounded-full\">\n<div class=\"relative p-1 rounded-sm flex items-center justify-center bg-token-main-surface-primary text-token-text-primary h-8 w-8\">Kompakter einstufiger Getriebemotor mit Hohlwelle: Das SN18 ist die ideale L\u00f6sung f\u00fcr Anwendungen mit begrenztem Bauraum und findet breite Anwendung in der T\u00fcrautomation.<\/div>\n<\/div>\n<\/div>\n<\/div>\n<\/div>\n","protected":false},"featured_media":37540,"template":"","meta":{"_acf_changed":false},"product_brand":[],"product_cat":[294],"product_tag":[],"class_list":{"0":"post-37671","1":"product","2":"type-product","3":"status-publish","4":"has-post-thumbnail","6":"product_cat-getriebemotoren","8":"first","9":"instock","10":"shipping-taxable","11":"product-type-simple"},"acf":[],"_links":{"self":[{"href":"https:\/\/www.ruhrgetriebe.de\/shop\/wp-json\/wp\/v2\/product\/37671","targetHints":{"allow":["GET"]}}],"collection":[{"href":"https:\/\/www.ruhrgetriebe.de\/shop\/wp-json\/wp\/v2\/product"}],"about":[{"href":"https:\/\/www.ruhrgetriebe.de\/shop\/wp-json\/wp\/v2\/types\/product"}],"wp:featuredmedia":[{"embeddable":true,"href":"https:\/\/www.ruhrgetriebe.de\/shop\/wp-json\/wp\/v2\/media\/37540"}],"wp:attachment":[{"href":"https:\/\/www.ruhrgetriebe.de\/shop\/wp-json\/wp\/v2\/media?parent=37671"}],"wp:term":[{"taxonomy":"product_brand","embeddable":true,"href":"https:\/\/www.ruhrgetriebe.de\/shop\/wp-json\/wp\/v2\/product_brand?post=37671"},{"taxonomy":"product_cat","embeddable":true,"href":"https:\/\/www.ruhrgetriebe.de\/shop\/wp-json\/wp\/v2\/product_cat?post=37671"},{"taxonomy":"product_tag","embeddable":true,"href":"https:\/\/www.ruhrgetriebe.de\/shop\/wp-json\/wp\/v2\/product_tag?post=37671"}],"curies":[{"name":"wp","href":"https:\/\/api.w.org\/{rel}","templated":true}]}}