{"id":37630,"date":"2021-03-26T09:31:03","date_gmt":"2021-03-26T08:31:03","guid":{"rendered":"https:\/\/www.ruhrgetriebe.de\/?post_type=product&#038;p=37630"},"modified":"2024-10-09T13:45:43","modified_gmt":"2024-10-09T11:45:43","slug":"sn18-i7-90w","status":"publish","type":"product","link":"https:\/\/www.ruhrgetriebe.de\/shop\/produkt\/sn18-i7-90w\/","title":{"rendered":"SN18-i7-90W"},"content":{"rendered":"","protected":false},"excerpt":{"rendered":"<p>Kompakter einstufiger Getriebemotor mit Vollwelle: Das SN18 ist ideal f\u00fcr den Einsatz in Bereichen mit begrenztem Platzangebot. Es kommt h\u00e4ufig in der T\u00fcrautomation zum Einsatz.<\/p>\n","protected":false},"featured_media":37532,"template":"","meta":{"_acf_changed":false},"product_brand":[],"product_cat":[294],"product_tag":[],"class_list":{"0":"post-37630","1":"product","2":"type-product","3":"status-publish","4":"has-post-thumbnail","6":"product_cat-getriebemotoren","8":"first","9":"instock","10":"shipping-taxable","11":"product-type-simple"},"acf":[],"_links":{"self":[{"href":"https:\/\/www.ruhrgetriebe.de\/shop\/wp-json\/wp\/v2\/product\/37630","targetHints":{"allow":["GET"]}}],"collection":[{"href":"https:\/\/www.ruhrgetriebe.de\/shop\/wp-json\/wp\/v2\/product"}],"about":[{"href":"https:\/\/www.ruhrgetriebe.de\/shop\/wp-json\/wp\/v2\/types\/product"}],"wp:featuredmedia":[{"embeddable":true,"href":"https:\/\/www.ruhrgetriebe.de\/shop\/wp-json\/wp\/v2\/media\/37532"}],"wp:attachment":[{"href":"https:\/\/www.ruhrgetriebe.de\/shop\/wp-json\/wp\/v2\/media?parent=37630"}],"wp:term":[{"taxonomy":"product_brand","embeddable":true,"href":"https:\/\/www.ruhrgetriebe.de\/shop\/wp-json\/wp\/v2\/product_brand?post=37630"},{"taxonomy":"product_cat","embeddable":true,"href":"https:\/\/www.ruhrgetriebe.de\/shop\/wp-json\/wp\/v2\/product_cat?post=37630"},{"taxonomy":"product_tag","embeddable":true,"href":"https:\/\/www.ruhrgetriebe.de\/shop\/wp-json\/wp\/v2\/product_tag?post=37630"}],"curies":[{"name":"wp","href":"https:\/\/api.w.org\/{rel}","templated":true}]}}