{"id":124626,"date":"2023-12-21T21:03:08","date_gmt":"2023-12-21T20:03:08","guid":{"rendered":"https:\/\/www.ruhrgetriebe.de\/?post_type=product&#038;p=124626"},"modified":"2024-10-09T13:07:00","modified_gmt":"2024-10-09T11:07:00","slug":"sn18h-i5-90w","status":"publish","type":"product","link":"https:\/\/www.ruhrgetriebe.de\/shop\/produkt\/sn18h-i5-90w\/","title":{"rendered":"SN18H-i5-90W"},"content":{"rendered":"","protected":false},"excerpt":{"rendered":"<p>Kompakter einstufiger Getriebemotor mit Hohlwelle: Das SN18 ist die ideale L\u00f6sung f\u00fcr Anwendungen mit begrenztem Bauraum und findet breite Anwendung in der T\u00fcrautomation.<\/p>\n","protected":false},"featured_media":37540,"template":"","meta":{"_acf_changed":false},"product_brand":[],"product_cat":[294],"product_tag":[],"class_list":{"0":"post-124626","1":"product","2":"type-product","3":"status-publish","4":"has-post-thumbnail","6":"product_cat-getriebemotoren","8":"first","9":"instock","10":"shipping-taxable","11":"product-type-simple"},"acf":[],"_links":{"self":[{"href":"https:\/\/www.ruhrgetriebe.de\/shop\/wp-json\/wp\/v2\/product\/124626","targetHints":{"allow":["GET"]}}],"collection":[{"href":"https:\/\/www.ruhrgetriebe.de\/shop\/wp-json\/wp\/v2\/product"}],"about":[{"href":"https:\/\/www.ruhrgetriebe.de\/shop\/wp-json\/wp\/v2\/types\/product"}],"wp:featuredmedia":[{"embeddable":true,"href":"https:\/\/www.ruhrgetriebe.de\/shop\/wp-json\/wp\/v2\/media\/37540"}],"wp:attachment":[{"href":"https:\/\/www.ruhrgetriebe.de\/shop\/wp-json\/wp\/v2\/media?parent=124626"}],"wp:term":[{"taxonomy":"product_brand","embeddable":true,"href":"https:\/\/www.ruhrgetriebe.de\/shop\/wp-json\/wp\/v2\/product_brand?post=124626"},{"taxonomy":"product_cat","embeddable":true,"href":"https:\/\/www.ruhrgetriebe.de\/shop\/wp-json\/wp\/v2\/product_cat?post=124626"},{"taxonomy":"product_tag","embeddable":true,"href":"https:\/\/www.ruhrgetriebe.de\/shop\/wp-json\/wp\/v2\/product_tag?post=124626"}],"curies":[{"name":"wp","href":"https:\/\/api.w.org\/{rel}","templated":true}]}}